{"id":6034,"date":"2024-07-16T15:00:09","date_gmt":"2024-07-16T15:00:09","guid":{"rendered":"http:\/\/guerilla.pt\/equic\/?page_id=6034"},"modified":"2024-11-21T10:46:37","modified_gmt":"2024-11-21T10:46:37","slug":"people","status":"publish","type":"page","link":"https:\/\/equi-champions.eu\/en\/people\/","title":{"rendered":"People"},"content":{"rendered":"<div id=\"main-banner\"  data-column-margin=\"default\" data-midnight=\"dark\"  class=\"wpb_row vc_row-fluid vc_row full-width-section vc_row-o-full-height vc_row-o-columns-middle vc_row-o-equal-height vc_row-flex parallax_section\"  style=\"padding-top: 0px; padding-bottom: 0px; \"><div class=\"row-bg-wrap\" data-bg-animation=\"zoom-out-slow\" data-bg-animation-delay=\"\" data-bg-overlay=\"false\"><div class=\"inner-wrap row-bg-layer using-image\" ><div class=\"row-bg viewport-desktop using-image\" data-parallax-speed=\"slow\" style=\"background-image: url(https:\/\/equi-champions.eu\/wp-content\/uploads\/2024\/09\/2148355508.jpg); background-position: center center; background-repeat: no-repeat; \"><\/div><\/div><\/div><div class=\"row_col_wrap_12 col span_12 dark left\">\n\t<div style=\" color: #ffffff;\" class=\"vc_col-sm-12 wpb_column column_container vc_column_container col no-extra-padding inherit_tablet inherit_phone\" data-cfc=\"true\"  data-padding-pos=\"all\" data-has-bg-color=\"false\" data-bg-color=\"\" data-bg-opacity=\"1\" data-animation=\"\" data-delay=\"0\" >\n\t\t<div class=\"vc_column-inner\" >\n\t\t\t<div class=\"wpb_wrapper\">\n\t\t\t\t\n<div class=\"wpb_text_column wpb_content_element  wpb_animate_when_almost_visible wpb_fadeInUp fadeInUp\" >\n\t<div class=\"wpb_wrapper\">\n\t\t<h1 class=\"vc_custom_heading\" style=\"text-align: center; color: white !important;\">PEOPLE<\/h1>\n\t<\/div>\n<\/div>\n\n\n\n\n\t\t\t<\/div> \n\t\t<\/div>\n\t<\/div> \n<\/div><\/div>\n\t\t<div id=\"team\"  data-column-margin=\"default\" data-midnight=\"dark\"  class=\"wpb_row vc_row-fluid vc_row full-width-section\"  style=\"padding-top: 100px; padding-bottom: 100px; \"><div class=\"row-bg-wrap\" data-bg-animation=\"none\" data-bg-animation-delay=\"\" data-bg-overlay=\"true\"><div class=\"inner-wrap row-bg-layer\" ><div class=\"row-bg viewport-desktop using-bg-color\"  style=\"background-color: #161616; \"><\/div><\/div><div class=\"row-bg-overlay row-bg-layer\" style=\"background-color:transparent;  opacity: 0.8; \"><\/div><\/div><div class=\"row_col_wrap_12 col span_12 dark left\">\n\t<div  class=\"vc_col-sm-12 wpb_column column_container vc_column_container col has-animation no-extra-padding inherit_tablet inherit_phone\"  data-padding-pos=\"all\" data-has-bg-color=\"false\" data-bg-color=\"\" data-bg-opacity=\"1\" data-animation=\"reveal-from-bottom\" data-delay=\"0\" >\n\t\t<div class=\"vc_column-inner\" >\n\t\t\t<div class=\"wpb_wrapper\">\n\t\t\t\t\n<div class=\"wpb_text_column wpb_content_element\" >\n\t<div class=\"wpb_wrapper\">\n\t\t<h3 class=\"vc_custom_heading\" style=\"text-align: center;\">TEAM<\/h3>\n\t<\/div>\n<\/div>\n\n\n\n<div class=\"divider-wrap\" data-alignment=\"default\"><div style=\"margin-top: 37.5px; height: 3px; margin-bottom: 37.5px;\" data-width=\"100%\" data-animate=\"\" data-animation-delay=\"\" data-color=\"accent-color\" class=\"divider-border\"><\/div><\/div><div class=\"img-with-aniamtion-wrap center\" data-max-width=\"100%\" data-max-width-mobile=\"default\" data-shadow=\"none\" data-animation=\"none\" >\n      <div class=\"inner\">\n        <div class=\"hover-wrap\"> \n          <div class=\"hover-wrap-inner\">\n            <img loading=\"lazy\" decoding=\"async\" class=\"img-with-animation team skip-lazy\" data-delay=\"0\" height=\"810\" width=\"1080\" data-animation=\"none\" src=\"https:\/\/equi-champions.eu\/wp-content\/uploads\/2024\/10\/428597651_17915379014884630_7116680165156555115_n.jpg\" alt=\"\" srcset=\"https:\/\/equi-champions.eu\/wp-content\/uploads\/2024\/10\/428597651_17915379014884630_7116680165156555115_n.jpg 1080w, https:\/\/equi-champions.eu\/wp-content\/uploads\/2024\/10\/428597651_17915379014884630_7116680165156555115_n-300x225.jpg 300w, https:\/\/equi-champions.eu\/wp-content\/uploads\/2024\/10\/428597651_17915379014884630_7116680165156555115_n-1024x768.jpg 1024w, https:\/\/equi-champions.eu\/wp-content\/uploads\/2024\/10\/428597651_17915379014884630_7116680165156555115_n-768x576.jpg 768w\" sizes=\"auto, (max-width: 1080px) 100vw, 1080px\" \/>\n          <\/div>\n        <\/div>\n      <\/div>\n    <\/div><div id=\"team\" data-midnight=\"\" data-column-margin=\"default\" class=\"wpb_row vc_row-fluid vc_row inner_row\"  style=\"padding-top: 25px; \"><div class=\"row-bg-wrap\"> <div class=\"row-bg\" ><\/div> <\/div><div class=\"row_col_wrap_12_inner col span_12  left\">\n\t<div  class=\"vc_col-sm-6 wpb_column column_container vc_column_container col child_column no-extra-padding inherit_tablet inherit_phone\"   data-padding-pos=\"all\" data-has-bg-color=\"false\" data-bg-color=\"\" data-bg-opacity=\"1\" data-animation=\"\" data-delay=\"0\" >\n\t\t<div class=\"vc_column-inner\" >\n\t\t<div class=\"wpb_wrapper\">\n\t\t\t\n<div class=\"wpb_text_column wpb_content_element\" >\n\t<div class=\"wpb_wrapper\">\n\t\t<h3 style=\"color: white; text-align: left; text-transform: uppercase;\">Portugal \/ Centre for Social Studies:<\/h3>\n<ul>\n<li>Tatiana Moura (coordinator)<br \/>\n<a href=\"mailto:tatiana@ces.uc.pt\">tatiana@ces.uc.pt<\/a><\/li>\n<li>Marta Mascarenhas (researcher)<br \/>\n<a href=\"mailto:martamascarenhas@ces.uc.pt\">martamascarenhas@ces.uc.pt<\/a><\/li>\n<li>Patr\u00edcia Santos (researcher)<br \/>\n<a href=\"mailto:patriciasantos@ces.uc.pt\">patriciasantos@ces.uc.pt<\/a><\/li>\n<li>Rita Santos (researcher)<br \/>\n<a href=\"mailto:rita@ces.uc.pt\">rita@ces.uc.pt<\/a><\/li>\n<li>Sofia Gon\u00e7alves (researcher)<br \/>\n<a href=\"mailto:sofiagoncalves@esec.pt\">sofiagoncalves@esec.pt<\/a><\/li>\n<\/ul>\n\t<\/div>\n<\/div>\n\n\n\n\n\t\t<\/div> \n\t<\/div>\n\t<\/div> \n\n\t<div  class=\"vc_col-sm-6 wpb_column column_container vc_column_container col child_column no-extra-padding inherit_tablet inherit_phone\"   data-padding-pos=\"all\" data-has-bg-color=\"false\" data-bg-color=\"\" data-bg-opacity=\"1\" data-animation=\"\" data-delay=\"0\" >\n\t\t<div class=\"vc_column-inner\" >\n\t\t<div class=\"wpb_wrapper\">\n\t\t\t\n<div class=\"wpb_text_column wpb_content_element\" >\n\t<div class=\"wpb_wrapper\">\n\t\t<h3 style=\"color: white; text-align: left; text-transform: uppercase;\">Spain \/ Fundaci\u00f3n F\u00fatbol M\u00e1s Espa\u00f1a<\/h3>\n<ul>\n<li>Celia Dominguez<br \/>\n<a href=\"mailto:celia.dominguez@futbolmas.org\" target=\"_blank\" rel=\"noopener\">celia.dominguez@futbolmas.org<\/a><\/li>\n<li>Aitor Hernandez<br \/>\n<a href=\"mailto:aitor.hernandez@futbolmas.org\">aitor.hernandez@futbolmas.org<\/a><\/li>\n<li>Alfonso Cevallos<br \/>\n<a href=\"mailto:alfonso.cevallos@futbolmas.org\">alfonso.cevallos@futbolmas.org<\/a><\/li>\n<li>Irene Martinez<br \/>\n<a href=\"mailto:irene.martinez@futbolmas.org\">irene.martinez@futbolmas.org<\/a><\/li>\n<li>Luz Burgos<br \/>\n<a href=\"mailto:luz.burgos@futbolmas.org\">luz.burgos@futbolmas.org<\/a><\/li>\n<li>Rafael Pareja<br \/>\n<a href=\"mailto:rafael.pareja@futbolmas.org\">rafael.pareja@futbolmas.org<\/a><\/li>\n<\/ul>\n\t<\/div>\n<\/div>\n\n\n\n\n\t\t<\/div> \n\t<\/div>\n\t<\/div> \n<\/div><\/div><div id=\"team\" data-midnight=\"\" data-column-margin=\"default\" class=\"wpb_row vc_row-fluid vc_row inner_row\"  style=\"padding-top: 25px; \"><div class=\"row-bg-wrap\"> <div class=\"row-bg\" ><\/div> <\/div><div class=\"row_col_wrap_12_inner col span_12  left\">\n\t<div  class=\"vc_col-sm-6 wpb_column column_container vc_column_container col child_column no-extra-padding inherit_tablet inherit_phone\"   data-padding-pos=\"all\" data-has-bg-color=\"false\" data-bg-color=\"\" data-bg-opacity=\"1\" data-animation=\"\" data-delay=\"0\" >\n\t\t<div class=\"vc_column-inner\" >\n\t\t<div class=\"wpb_wrapper\">\n\t\t\t\n<div class=\"wpb_text_column wpb_content_element\" >\n\t<div class=\"wpb_wrapper\">\n\t\t<h3 style=\"color: white; text-align: left; text-transform: uppercase;\">Croatia\/ Status M:<\/h3>\n<ul>\n<li>Anamarija So\u010do (coordinator)<br \/>\n<a href=\"mailto:anamarija.soco@status-m.hr\">anamarija.soco@status-m.hr<\/a><\/li>\n<li>Tamara Toki\u0107 (coordinator)<br \/>\n<a href=\"mailto:tamara.tokic@status-m.hr\">tamara.tokic@status-m.hr<\/a><\/li>\n<li>Ana \u017dnidarec \u010cu\u010dkovi\u0107 (researcher)<br \/>\n<a href=\"mailto:ana.znidarec.cuckovic@kif.unizg.hr\" target=\"_blank\" rel=\"noopener\">ana.znidarec.cuckovic@kif.unizg.hr<\/a><\/li>\n<\/ul>\n\t<\/div>\n<\/div>\n\n\n\n\n\t\t<\/div> \n\t<\/div>\n\t<\/div> \n\n\t<div  class=\"vc_col-sm-6 wpb_column column_container vc_column_container col child_column no-extra-padding inherit_tablet inherit_phone\"   data-padding-pos=\"all\" data-has-bg-color=\"false\" data-bg-color=\"\" data-bg-opacity=\"1\" data-animation=\"\" data-delay=\"0\" >\n\t\t<div class=\"vc_column-inner\" >\n\t\t<div class=\"wpb_wrapper\">\n\t\t\t\n<div class=\"wpb_text_column wpb_content_element\" >\n\t<div class=\"wpb_wrapper\">\n\t\t<h3 style=\"color: white; text-align: left; text-transform: uppercase;\">Brazil \/ Luta pela Paz<\/h3>\n<ul>\n<li>Gabriela Peixinho (coordinator)<br \/>\n<a href=\"mailto:peixinho@lutapelapaz.org\">peixinho@lutapelapaz.org<\/a><\/li>\n<li>Luiza Teixeira (researcher)<br \/>\n<a href=\"mailto:luiza.teixeira@lutapelapaz.org\" target=\"_blank\" rel=\"noopener\">luiza.teixeira@lutapelapaz.org<\/a><\/li>\n<li>Juliana Pinho (researcher)<br \/>\n<a href=\"mailto:juliana.pinho@lutapelapaz.org\">juliana.pinho@lutapelapaz.org<\/a><\/li>\n<li>Ta\u00eds Almeida (researcher)<br \/>\n<a href=\"mailto:tais.almeida@lutapelapaz.org\">tais.almeida@lutapelapaz.org<\/a><\/li>\n<li>Andr\u00e9 Lobo (researcher)<br \/>\n<a href=\"mailto:andre@lutapelapaz.org\">andre@lutapelapaz.org<\/a><\/li>\n<\/ul>\n\t<\/div>\n<\/div>\n\n\n\n\n\t\t<\/div> \n\t<\/div>\n\t<\/div> \n<\/div><\/div>\n\t\t\t<\/div> \n\t\t<\/div>\n\t<\/div> \n<\/div><\/div>\n\t\t<div id=\"partners\"  data-column-margin=\"default\" data-midnight=\"dark\"  class=\"wpb_row vc_row-fluid vc_row full-width-section\"  style=\"padding-top: 20px; padding-bottom: 100px; \"><div class=\"row-bg-wrap\" data-bg-animation=\"none\" data-bg-animation-delay=\"\" data-bg-overlay=\"true\"><div class=\"inner-wrap row-bg-layer\" ><div class=\"row-bg viewport-desktop using-bg-color\"  style=\"background-color: #161616; \"><\/div><\/div><div class=\"row-bg-overlay row-bg-layer\" style=\"background-color:transparent;  opacity: 0.8; \"><\/div><\/div><div class=\"row_col_wrap_12 col span_12 dark left\">\n\t<div style=\" color: #ffffff;\" class=\"vc_col-sm-12 wpb_column column_container vc_column_container col has-animation no-extra-padding inherit_tablet inherit_phone\" data-cfc=\"true\"  data-padding-pos=\"all\" data-has-bg-color=\"false\" data-bg-color=\"\" data-bg-opacity=\"1\" data-animation=\"reveal-from-bottom\" data-delay=\"0\" >\n\t\t<div class=\"vc_column-inner\" >\n\t\t\t<div class=\"wpb_wrapper\">\n\t\t\t\t\n<div class=\"wpb_text_column wpb_content_element\" >\n\t<div class=\"wpb_wrapper\">\n\t\t<h3 class=\"vc_custom_heading\" style=\"text-align: center;\">PARTNERS<\/h3>\n\t<\/div>\n<\/div>\n\n\n\n<div class=\"divider-wrap\" data-alignment=\"default\"><div style=\"margin-top: 37.5px; height: 3px; margin-bottom: 37.5px;\" data-width=\"100%\" data-animate=\"\" data-animation-delay=\"\" data-color=\"accent-color\" class=\"divider-border\"><\/div><\/div><div id=\"fws_69fdd594a8ec9\" data-midnight=\"\" data-column-margin=\"default\" class=\"wpb_row vc_row-fluid vc_row inner_row vc_row-o-equal-height vc_row-flex vc_row-o-content-middle\"  style=\"\"><div class=\"row-bg-wrap\"> <div class=\"row-bg\" ><\/div> <\/div><div class=\"row_col_wrap_12_inner col span_12  left\">\n\t<div  class=\"vc_col-sm-3 wpb_column column_container vc_column_container col child_column no-extra-padding inherit_tablet inherit_phone\"   data-padding-pos=\"all\" data-has-bg-color=\"false\" data-bg-color=\"\" data-bg-opacity=\"1\" data-animation=\"\" data-delay=\"0\" >\n\t\t<div class=\"vc_column-inner\" >\n\t\t<div class=\"wpb_wrapper\">\n\t\t\t<div class=\"img-with-aniamtion-wrap\" data-max-width=\"100%\" data-max-width-mobile=\"default\" data-shadow=\"none\" data-animation=\"none\" >\n      <div class=\"inner\">\n        <div class=\"hover-wrap\"> \n          <div class=\"hover-wrap-inner\">\n            <a href=\"https:\/\/www.ces.uc.pt\/pt\" target=\"_blank\" class=\"\">\n              <img loading=\"lazy\" decoding=\"async\" class=\"img-with-animation logos skip-lazy\" data-delay=\"0\" height=\"137\" width=\"353\" data-animation=\"none\" src=\"https:\/\/equi-champions.eu\/wp-content\/uploads\/2024\/07\/ces-individual.png\" alt=\"CES Logo\" srcset=\"https:\/\/equi-champions.eu\/wp-content\/uploads\/2024\/07\/ces-individual.png 353w, https:\/\/equi-champions.eu\/wp-content\/uploads\/2024\/07\/ces-individual-300x116.png 300w, https:\/\/equi-champions.eu\/wp-content\/uploads\/2024\/07\/ces-individual-18x7.png 18w, https:\/\/equi-champions.eu\/wp-content\/uploads\/2024\/07\/ces-individual-350x137.png 350w\" sizes=\"auto, (max-width: 353px) 100vw, 353px\" \/>\n            <\/a>\n          <\/div>\n        <\/div>\n      <\/div>\n      <\/div>\n\t\t<\/div> \n\t<\/div>\n\t<\/div> \n\n\t<div  class=\"vc_col-sm-9 wpb_column column_container vc_column_container col child_column no-extra-padding inherit_tablet inherit_phone\"   data-padding-pos=\"all\" data-has-bg-color=\"false\" data-bg-color=\"\" data-bg-opacity=\"1\" data-animation=\"\" data-delay=\"0\" >\n\t\t<div class=\"vc_column-inner\" >\n\t\t<div class=\"wpb_wrapper\">\n\t\t\t\n<div class=\"wpb_text_column wpb_content_element\" >\n\t<div class=\"wpb_wrapper\">\n\t\t<p><strong>CES:<\/strong> The Centre for Social Studies of the University of Coimbra (CES) is a scientific institution that has been conducting research with and for an inclusive and reflexive society by promoting creative critical approaches to some of the most urgent challenges of contemporary societies. CES\u2019 Gender Transformative Methodologies are rooted in the evidence-based idea that a comprehensive gender equality approach to sexuality education programmes is a contributing factor to enhance gender-based violence prevention and engage boys and girls in overcoming gender rigid norms and promoting gender equitable roles. This approach has had proven effects in several areas such as preventing discrimination based on sexual orientation and promoting a healthy sexuality and reproductive health. Through its Observatory masculinidades.pt, CES will bring both a wealth of knowledge and experience in engaging men and boys in gender equality as well as a track record as a coordinator and partner in transnational projects.<\/p>\n\t<\/div>\n<\/div>\n\n\n\n\n\t\t<\/div> \n\t<\/div>\n\t<\/div> \n<\/div><\/div><div id=\"fws_69fdd594a9548\" data-midnight=\"\" data-column-margin=\"default\" class=\"wpb_row vc_row-fluid vc_row inner_row vc_row-o-equal-height vc_row-flex vc_row-o-content-middle\"  style=\"\"><div class=\"row-bg-wrap\"> <div class=\"row-bg\" ><\/div> <\/div><div class=\"row_col_wrap_12_inner col span_12  left\">\n\t<div  class=\"vc_col-sm-3 wpb_column column_container vc_column_container col child_column no-extra-padding inherit_tablet inherit_phone\"   data-padding-pos=\"all\" data-has-bg-color=\"false\" data-bg-color=\"\" data-bg-opacity=\"1\" data-animation=\"\" data-delay=\"0\" >\n\t\t<div class=\"vc_column-inner\" >\n\t\t<div class=\"wpb_wrapper\">\n\t\t\t<div class=\"img-with-aniamtion-wrap\" data-max-width=\"100%\" data-max-width-mobile=\"default\" data-shadow=\"none\" data-animation=\"none\" >\n      <div class=\"inner\">\n        <div class=\"hover-wrap\"> \n          <div class=\"hover-wrap-inner\">\n            <a href=\"https:\/\/futbolmas.org\/en\/\" target=\"_blank\" class=\"\">\n              <img loading=\"lazy\" decoding=\"async\" class=\"img-with-animation logos skip-lazy\" data-delay=\"0\" height=\"137\" width=\"294\" data-animation=\"none\" src=\"https:\/\/equi-champions.eu\/wp-content\/uploads\/2024\/07\/futbolmas-individual.png\" alt=\"Fubtol Mas Logo\" srcset=\"https:\/\/equi-champions.eu\/wp-content\/uploads\/2024\/07\/futbolmas-individual.png 294w, https:\/\/equi-champions.eu\/wp-content\/uploads\/2024\/07\/futbolmas-individual-18x8.png 18w\" sizes=\"auto, (max-width: 294px) 100vw, 294px\" \/>\n            <\/a>\n          <\/div>\n        <\/div>\n      <\/div>\n      <\/div>\n\t\t<\/div> \n\t<\/div>\n\t<\/div> \n\n\t<div  class=\"vc_col-sm-9 wpb_column column_container vc_column_container col child_column no-extra-padding inherit_tablet inherit_phone\"   data-padding-pos=\"all\" data-has-bg-color=\"false\" data-bg-color=\"\" data-bg-opacity=\"1\" data-animation=\"\" data-delay=\"0\" >\n\t\t<div class=\"vc_column-inner\" >\n\t\t<div class=\"wpb_wrapper\">\n\t\t\t\n<div class=\"wpb_text_column wpb_content_element\" >\n\t<div class=\"wpb_wrapper\">\n\t\t<p><strong>F\u00fatbol M\u00e1s<\/strong> is an international NGO, founded in Chile in 2007, with projects in 11 countries across 3 continents. In Spain, F\u00fatbol M\u00e1s emerged in 2020 with the aim of promoting physical and emotional well-being, education, and inclusion of children, youth, and their families. Through games and sports, it works with its own socio-sports methodology, based on the theory of resilience, adapted and applied in different contexts.<br \/>\nThe Green Card is its main pedagogical tool, symbol, and philosophy. This card rewards positive behavior and educates from the perspective of growth and the development of individuals&#8217; potential.<\/p>\n\t<\/div>\n<\/div>\n\n\n\n\n\t\t<\/div> \n\t<\/div>\n\t<\/div> \n<\/div><\/div><div id=\"fws_69fdd594a9a7a\" data-midnight=\"\" data-column-margin=\"default\" class=\"wpb_row vc_row-fluid vc_row inner_row vc_row-o-equal-height vc_row-flex vc_row-o-content-middle\"  style=\"\"><div class=\"row-bg-wrap\"> <div class=\"row-bg\" ><\/div> <\/div><div class=\"row_col_wrap_12_inner col span_12  left\">\n\t<div  class=\"vc_col-sm-3 wpb_column column_container vc_column_container col child_column no-extra-padding inherit_tablet inherit_phone\"   data-padding-pos=\"all\" data-has-bg-color=\"false\" data-bg-color=\"\" data-bg-opacity=\"1\" data-animation=\"\" data-delay=\"0\" >\n\t\t<div class=\"vc_column-inner\" >\n\t\t<div class=\"wpb_wrapper\">\n\t\t\t<div class=\"img-with-aniamtion-wrap\" data-max-width=\"100%\" data-max-width-mobile=\"default\" data-shadow=\"none\" data-animation=\"none\" >\n      <div class=\"inner\">\n        <div class=\"hover-wrap\"> \n          <div class=\"hover-wrap-inner\">\n            <a href=\"https:\/\/lutapelapaz.org\/\" target=\"_blank\" class=\"\">\n              <img loading=\"lazy\" decoding=\"async\" class=\"img-with-animation logos skip-lazy\" data-delay=\"0\" height=\"48\" width=\"336\" data-animation=\"none\" src=\"https:\/\/equi-champions.eu\/wp-content\/uploads\/2024\/10\/lpp-horizontal-white.png\" alt=\"\" srcset=\"https:\/\/equi-champions.eu\/wp-content\/uploads\/2024\/10\/lpp-horizontal-white.png 336w, https:\/\/equi-champions.eu\/wp-content\/uploads\/2024\/10\/lpp-horizontal-white-300x43.png 300w\" sizes=\"auto, (max-width: 336px) 100vw, 336px\" \/>\n            <\/a>\n          <\/div>\n        <\/div>\n      <\/div>\n      <\/div>\n\t\t<\/div> \n\t<\/div>\n\t<\/div> \n\n\t<div  class=\"vc_col-sm-9 wpb_column column_container vc_column_container col child_column no-extra-padding inherit_tablet inherit_phone\"   data-padding-pos=\"all\" data-has-bg-color=\"false\" data-bg-color=\"\" data-bg-opacity=\"1\" data-animation=\"\" data-delay=\"0\" >\n\t\t<div class=\"vc_column-inner\" >\n\t\t<div class=\"wpb_wrapper\">\n\t\t\t\n<div class=\"wpb_text_column wpb_content_element\" >\n\t<div class=\"wpb_wrapper\">\n\t\t<p><strong>Luta pela Paz (LPP)<\/strong> was founded in Mar\u00e9, a neighborhood of 16 favelas in the city of Rio de Janeiro, Brazil, with the aim of promoting the development of children and young people living in areas impacted by violence and social inequality.<br \/>\nCurrently, it has academies and Safe Community Programs, as well as an Alliance of partners trained in its methodologies, in over 25 countries. Since 2000, LPP has impacted over 250,000 people searching for a safer and more inclusive society.<\/p>\n\t<\/div>\n<\/div>\n\n\n\n\n\t\t<\/div> \n\t<\/div>\n\t<\/div> \n<\/div><\/div><div id=\"fws_69fdd594aa332\" data-midnight=\"\" data-column-margin=\"default\" class=\"wpb_row vc_row-fluid vc_row inner_row vc_row-o-equal-height vc_row-flex vc_row-o-content-middle\"  style=\"\"><div class=\"row-bg-wrap\"> <div class=\"row-bg\" ><\/div> <\/div><div class=\"row_col_wrap_12_inner col span_12  left\">\n\t<div  class=\"vc_col-sm-3 wpb_column column_container vc_column_container col child_column no-extra-padding inherit_tablet inherit_phone\"   data-padding-pos=\"all\" data-has-bg-color=\"false\" data-bg-color=\"\" data-bg-opacity=\"1\" data-animation=\"\" data-delay=\"0\" >\n\t\t<div class=\"vc_column-inner\" >\n\t\t<div class=\"wpb_wrapper\">\n\t\t\t<div class=\"img-with-aniamtion-wrap\" data-max-width=\"100%\" data-max-width-mobile=\"default\" data-shadow=\"none\" data-animation=\"none\" >\n      <div class=\"inner\">\n        <div class=\"hover-wrap\"> \n          <div class=\"hover-wrap-inner\">\n            <a href=\"https:\/\/status-m.hr\/\" target=\"_blank\" class=\"\">\n              <img loading=\"lazy\" decoding=\"async\" class=\"img-with-animation logos skip-lazy\" data-delay=\"0\" height=\"54\" width=\"336\" data-animation=\"none\" src=\"https:\/\/equi-champions.eu\/wp-content\/uploads\/2024\/09\/Ativo-1.png\" alt=\"\" srcset=\"https:\/\/equi-champions.eu\/wp-content\/uploads\/2024\/09\/Ativo-1.png 336w, https:\/\/equi-champions.eu\/wp-content\/uploads\/2024\/09\/Ativo-1-300x48.png 300w, https:\/\/equi-champions.eu\/wp-content\/uploads\/2024\/09\/Ativo-1-18x3.png 18w\" sizes=\"auto, (max-width: 336px) 100vw, 336px\" \/>\n            <\/a>\n          <\/div>\n        <\/div>\n      <\/div>\n      <\/div>\n\t\t<\/div> \n\t<\/div>\n\t<\/div> \n\n\t<div  class=\"vc_col-sm-9 wpb_column column_container vc_column_container col child_column no-extra-padding inherit_tablet inherit_phone\"   data-padding-pos=\"all\" data-has-bg-color=\"false\" data-bg-color=\"\" data-bg-opacity=\"1\" data-animation=\"\" data-delay=\"0\" >\n\t\t<div class=\"vc_column-inner\" >\n\t\t<div class=\"wpb_wrapper\">\n\t\t\t\n<div class=\"wpb_text_column wpb_content_element\" >\n\t<div class=\"wpb_wrapper\">\n\t\t<p><strong>Status M<\/strong>\u00a0is a feminist non-governmental organization based in Zagreb, Croatia, that creates spaces for the participation of men in achieving gender justice and building a non-violent, inclusive society.\u00a0Status M works with young people, men (especially boys and young men), fathers, students, and professionals to question and deconstruct prevailing social norms and stereotypes. Its focus includes the prevention of gender-based violence, promotion of equal parenting and involvement in care work, and fostering healthy living and self-care.\u00a0This work is carried out through educational workshops, trainings, seminars, and awareness-raising campaigns in schools, faculties, kindergartens, local communities, and online, along with advocacy at both national and European levels.<\/p>\n\t<\/div>\n<\/div>\n\n\n\n\n\t\t<\/div> \n\t<\/div>\n\t<\/div> \n<\/div><\/div>\n\t\t\t<\/div> \n\t\t<\/div>\n\t<\/div> \n<\/div><\/div>","protected":false},"excerpt":{"rendered":"PEOPLE TEAM Portugal \/ Centre for Social Studies: Tatiana Moura (coordinator) tatiana@ces.uc.pt Marta Mascarenhas (researcher) martamascarenhas@ces.uc.pt Patr\u00edcia Santos (researcher) patriciasantos@ces.uc.pt Rita Santos (researcher) rita@ces.uc.pt Sofia Gon\u00e7alves (researcher) sofiagoncalves@esec.pt Spain \/...","protected":false},"author":1,"featured_media":0,"parent":0,"menu_order":0,"comment_status":"closed","ping_status":"closed","template":"","meta":{"footnotes":""},"class_list":["post-6034","page","type-page","status-publish"],"_links":{"self":[{"href":"https:\/\/equi-champions.eu\/en\/wp-json\/wp\/v2\/pages\/6034","targetHints":{"allow":["GET"]}}],"collection":[{"href":"https:\/\/equi-champions.eu\/en\/wp-json\/wp\/v2\/pages"}],"about":[{"href":"https:\/\/equi-champions.eu\/en\/wp-json\/wp\/v2\/types\/page"}],"author":[{"embeddable":true,"href":"https:\/\/equi-champions.eu\/en\/wp-json\/wp\/v2\/users\/1"}],"replies":[{"embeddable":true,"href":"https:\/\/equi-champions.eu\/en\/wp-json\/wp\/v2\/comments?post=6034"}],"version-history":[{"count":53,"href":"https:\/\/equi-champions.eu\/en\/wp-json\/wp\/v2\/pages\/6034\/revisions"}],"predecessor-version":[{"id":6684,"href":"https:\/\/equi-champions.eu\/en\/wp-json\/wp\/v2\/pages\/6034\/revisions\/6684"}],"wp:attachment":[{"href":"https:\/\/equi-champions.eu\/en\/wp-json\/wp\/v2\/media?parent=6034"}],"curies":[{"name":"wp","href":"https:\/\/api.w.org\/{rel}","templated":true}]}}